{"id":241,"date":"2023-07-06T20:53:47","date_gmt":"2023-07-06T18:53:47","guid":{"rendered":"http:\/\/comptoirdeslignes.com\/?page_id=241"},"modified":"2023-07-11T12:45:25","modified_gmt":"2023-07-11T10:45:25","slug":"le-concept","status":"publish","type":"page","link":"https:\/\/comptoirdeslignes.com\/index.php\/le-concept\/","title":{"rendered":"Le concept"},"content":{"rendered":"\n<h2 class=\"wp-block-heading has-text-align-right\" style=\"text-transform:none\">Une galerie litt\u00e9raire&#8230;<\/h2>\n\n\n\n<blockquote class=\"wp-block-quote has-text-align-left is-layout-flow wp-block-quote-is-layout-flow\">\n<p class=\"has-black-color has-text-color has-medium-font-size\"><em>Ce qui est fascinant au Comptoir des lignes, c&rsquo;est d&rsquo;observer, avec un m\u00eame sujet, des m\u00eames contraintes, combien les textes tap\u00e9s dans le m\u00eame temps refl\u00e8tent l&rsquo;universalit\u00e9 de nos r\u00eaves !<\/em><\/p>\n<\/blockquote>\n\n\n\n<p>Appelons cela la m\u00e9taphore du tableau ! De tous temps et de toutes \u00e9poques, les artistes se sont succ\u00e9d\u00e9s, ont fait \u00e9voluer leur peinture et l&rsquo;histoire de l&rsquo;art en se d\u00e9marquant dans un style qui leur \u00e9tait propre. Qu&rsquo;est-ce qui distingue un portrait d&rsquo;un autre portrait &#8211; autrement que le mod\u00e8le &#8211; si ce n&rsquo;est le regard port\u00e9 sur le sujet, la palette utilis\u00e9e, le support : les portraits des Fauves se bariolaient de sentiments, quand ceux des humanistes du Quattrocento s&rsquo;attachaient \u00e0 la condition humaine, tandis que les visages des n\u00e9oclassiques se paraient d&rsquo;all\u00e9gories et ceux des cubistes se d\u00e9sint\u00e9graient. <\/p>\n\n\n\n<p>Ce qui est fascinant au Comptoir des lignes, c&rsquo;est d&rsquo;observer, avec un m\u00eame sujet, des m\u00eames contraintes, combien des textes tap\u00e9s dans le m\u00eame temps refl\u00e8tent l&rsquo;universalit\u00e9 de nos r\u00eaves ! Quels trajectoires les textes vont prendre ? Serait-ce un po\u00e8me ou un article ? Le th\u00e8me sera-t-il trait\u00e9 au sens propre ou au figur\u00e9 ? Rien ne permet de le figurer, alors que l&rsquo;excitation \u00e9clot \u00e0 la d\u00e9couverte du sujet. <\/p>\n\n\n\n<h3 class=\"wp-block-heading has-text-color\" style=\"color:#b7c99f;text-transform:none\">Le th\u00e8me<\/h3>\n\n\n\n<p>C&rsquo;est le c\u0153ur du texte que vous vous appr\u00eatez \u00e0 \u00e9crire, les pr\u00e9mices du sentier que vous gravirez au long des pages. C&rsquo;est par la brume qui enveloppe ses contours que votre libert\u00e9 peut \u00e9pancher son encre. Le plus souvent, il s&rsquo;agit  d&rsquo;un mot ou d&rsquo;une expression, mais ce peut \u00eatre une inspiration (ex : Imaginer une histoire \u00e0 partir d&rsquo;une photo), un concept (ex : Cr\u00e9er un r\u00e9cit de voyage accompagn\u00e9 d&rsquo;une musique). <\/p>\n\n\n\n<h3 class=\"wp-block-heading has-text-color\" style=\"color:#b7c99f;text-transform:none\">La contrainte<\/h3>\n\n\n\n<p>Il pourrait para\u00eetre contre-intuitif de cr\u00e9er un univers avec une \u00ab\u00a0contrainte\u00a0\u00bb dont la venue semble restreindre notre libert\u00e9 cr\u00e9atrice, et de contenir notre folie fictionnelle. Que nenni ! Il appara\u00eet, au fil des actes, que la contrainte soit, au contraire, un catalyseur pour la fougue des \u00e9crivains. La plupart du temps elles sont de type grammatical &#8211; l&rsquo;utilisation de la premi\u00e8re personne du singulier ; le registre soutenu ; genre po\u00e9tique etc. &#8211; ou stylistique (ex : l&#8217;emploi de figures de style particuli\u00e8re), voire plus farfelue ! Il n&rsquo;y a pas de contraintes dans l&rsquo;\u00e9laboration d&rsquo;une contrainte. <\/p>\n\n\n\n<h3 class=\"wp-block-heading has-text-color\" style=\"color:#b7c99f;text-transform:none\">La dur\u00e9e<\/h3>\n\n\n\n<p>Rien n&rsquo;aurait de sens dans cela s&rsquo;il n&rsquo;y avait une limite de temps pour r\u00e9pondre \u00e0 l&rsquo;appel de la plume&#8230; en tout cas ici, au Comptoir ! L&rsquo;exp\u00e9rience, si l&rsquo;on puit dire, est de constater &#8211; en tant que lecteur &#8211; la vari\u00e9t\u00e9 des r\u00e9sultats. Il n&rsquo;y a rien de plus r\u00e9jouissant que de se dire : \u00ab\u00a0Tiens, ce texte a trait\u00e9 le sujet avec une telle intensit\u00e9 dramatique, et celui-ci dans un registre th\u00e9\u00e2trale, que l&rsquo;on ignorerait qu&rsquo;ils aient \u00e9t\u00e9 ex\u00e9cut\u00e9 dans une m\u00eame temporalit\u00e9\u00a0\u00bb. <\/p>\n\n\n\n<blockquote class=\"wp-block-quote has-black-color has-text-color has-medium-font-size is-layout-flow wp-block-quote-is-layout-flow\">\n<p class=\"has-black-color has-text-color has-medium-font-size\"><em>Ce qui nous rassemble est la contemplation, l&rsquo;\u00e9merveillement des mots<\/em>.<\/p>\n<\/blockquote>\n\n\n\n<h2 class=\"wp-block-heading\" style=\"text-transform:none\">Gar\u00e7on, la note s&rsquo;il vous pla\u00eet !<\/h2>\n\n\n\n<p>Par-del\u00e0 l&rsquo;aventure d&rsquo;\u00e9criture, le Comptoir des lignes est un rendez-vous de lecteurs. Lorsque la date fatidique abaisse son couperet, que les actes laissent planer ces \u0153uvres \u00e0 la splendide critique, le lecteur pourra laisser s&rsquo;\u00e9pancher son regard sur ces quelques lignes. Quelques fautes d&rsquo;orthographe, peut-\u00eatre, surgiront-elles ? Quelques remarques, des pistes d&rsquo;am\u00e9liorations fleuriront dans les commentaires, des apostilles en bas de page, et des aristarques passeront la post\u00e9rit\u00e9. Mais il n&rsquo;y a aucun concours, aucune note. Vous n&rsquo;avez pas trait\u00e9 toutes les contraintes, ou pas suffisamment ? Quelle importance ? Ce qui nous rassemble est la contemplation, l&rsquo;\u00e9merveillement des mots, au-del\u00e0 m\u00eame de savoir qui est l&rsquo;auteur du texte que l&rsquo;on a ador\u00e9 ou d\u00e9test\u00e9, puisque l&rsquo;anonymat est de rigueur. Alors installez-vous, prenez place au Comptoir, et laissez-vous aller \u00e0 siroter le savoureux breuvage des lettres couch\u00e9es sur le papier.<\/p>\n\n\n\n<div style=\"height:100px\" aria-hidden=\"true\" class=\"wp-block-spacer\"><\/div>\n\n\n\n<h2 class=\"wp-block-heading\" style=\"text-transform:none\">\u00c9crivain ou \u00e9crivaine en devenir, tu souhaites participer ? Rien de plus simple ! <\/h2>\n\n\n\n<div class=\"wp-block-contact-form-7-contact-form-selector\">\n<div class=\"wpcf7 no-js\" id=\"wpcf7-f356-o1\" lang=\"fr-FR\" dir=\"ltr\" data-wpcf7-id=\"356\">\n<div class=\"screen-reader-response\"><p role=\"status\" aria-live=\"polite\" aria-atomic=\"true\"><\/p> <ul><\/ul><\/div>\n<form action=\"\/index.php\/wp-json\/wp\/v2\/pages\/241#wpcf7-f356-o1\" method=\"post\" class=\"wpcf7-form init\" aria-label=\"Formulaire de contact\" enctype=\"multipart\/form-data\" novalidate=\"novalidate\" data-status=\"init\">\n<fieldset class=\"hidden-fields-container\"><input type=\"hidden\" name=\"_wpcf7\" value=\"356\" \/><input type=\"hidden\" name=\"_wpcf7_version\" value=\"6.1.3\" \/><input type=\"hidden\" name=\"_wpcf7_locale\" value=\"fr_FR\" \/><input type=\"hidden\" name=\"_wpcf7_unit_tag\" value=\"wpcf7-f356-o1\" \/><input type=\"hidden\" name=\"_wpcf7_container_post\" value=\"0\" \/><input type=\"hidden\" name=\"_wpcf7_posted_data_hash\" value=\"\" \/>\n<\/fieldset>\n<p><label> Nom et Pr\u00e9nom : (obligatoire)<br \/>\n<span class=\"wpcf7-form-control-wrap\" data-name=\"your-name\"><input size=\"40\" maxlength=\"400\" class=\"wpcf7-form-control wpcf7-text wpcf7-validates-as-required\" aria-required=\"true\" aria-invalid=\"false\" value=\"\" type=\"text\" name=\"your-name\" \/><\/span> <\/label>\n<\/p>\n<p><label> Votre E-mail : (obligatoire)<br \/>\n<span class=\"wpcf7-form-control-wrap\" data-name=\"your-email\"><input size=\"40\" maxlength=\"400\" class=\"wpcf7-form-control wpcf7-email wpcf7-validates-as-required wpcf7-text wpcf7-validates-as-email\" aria-required=\"true\" aria-invalid=\"false\" value=\"\" type=\"email\" name=\"your-email\" \/><\/span> <\/label>\n<\/p>\n<p><label> Titre (obligatoire)<br \/>\n<span class=\"wpcf7-form-control-wrap\" data-name=\"your-subject\"><input size=\"40\" maxlength=\"400\" class=\"wpcf7-form-control wpcf7-text wpcf7-validates-as-required\" aria-required=\"true\" aria-invalid=\"false\" value=\"\" type=\"text\" name=\"your-subject\" \/><\/span> <\/label>\n<\/p>\n<p><label> Votre message<br \/>\n<span class=\"wpcf7-form-control-wrap\" data-name=\"your-message\"><textarea cols=\"40\" rows=\"10\" maxlength=\"2000\" class=\"wpcf7-form-control wpcf7-textarea wpcf7-validates-as-required\" aria-required=\"true\" aria-invalid=\"false\" name=\"your-message\"><\/textarea><\/span> <\/label>\n<\/p>\n<p><label> Votre \u00e9crit au format Word ou PDF<br \/>\n<span class=\"wpcf7-form-control-wrap\" data-name=\"file-56\"><input size=\"40\" class=\"wpcf7-form-control wpcf7-file\" accept=\".docx,.pdf\" aria-invalid=\"false\" type=\"file\" name=\"file-56\" \/><\/span> <\/label>\n<\/p>\n<p><input class=\"wpcf7-form-control wpcf7-submit has-spinner\" type=\"submit\" value=\"Envoyer\" \/>\n<\/p><p style=\"display: none !important;\" class=\"akismet-fields-container\" data-prefix=\"_wpcf7_ak_\"><label>&#916;<textarea name=\"_wpcf7_ak_hp_textarea\" cols=\"45\" rows=\"8\" maxlength=\"100\"><\/textarea><\/label><input type=\"hidden\" id=\"ak_js_1\" name=\"_wpcf7_ak_js\" value=\"231\"\/><script>document.getElementById( \"ak_js_1\" ).setAttribute( \"value\", ( new Date() ).getTime() );<\/script><\/p><div class=\"wpcf7-response-output\" aria-hidden=\"true\"><\/div>\n<\/form>\n<\/div>\n<\/div>\n","protected":false},"excerpt":{"rendered":"<p>Une galerie litt\u00e9raire&#8230; Ce qui est fascinant au Comptoir des lignes, c&rsquo;est d&rsquo;observer, avec un m\u00eame sujet, des m\u00eames contraintes, combien les textes tap\u00e9s dans le m\u00eame temps refl\u00e8tent l&rsquo;universalit\u00e9 de nos r\u00eaves ! Appelons cela la m\u00e9taphore du tableau ! De tous temps et de toutes \u00e9poques, les artistes se sont succ\u00e9d\u00e9s, ont fait \u00e9voluer leur peinture et l&rsquo;histoire de l&rsquo;art en se d\u00e9marquant dans un style qui leur \u00e9tait propre. Qu&rsquo;est-ce qui distingue un portrait d&rsquo;un autre portrait [&hellip;]<\/p>\n","protected":false},"author":1,"featured_media":0,"parent":0,"menu_order":0,"comment_status":"closed","ping_status":"closed","template":"","meta":{"footnotes":""},"class_list":["post-241","page","type-page","status-publish","hentry"],"yoast_head":"<!-- This site is optimized with the Yoast SEO plugin v26.4 - https:\/\/yoast.com\/wordpress\/plugins\/seo\/ -->\n<title>Le concept - Le Comptoir des Lignes<\/title>\n<meta name=\"robots\" content=\"index, follow, max-snippet:-1, max-image-preview:large, max-video-preview:-1\" \/>\n<link rel=\"canonical\" href=\"https:\/\/comptoirdeslignes.com\/index.php\/le-concept\/\" \/>\n<meta property=\"og:locale\" content=\"fr_FR\" \/>\n<meta property=\"og:type\" content=\"article\" \/>\n<meta property=\"og:title\" content=\"Le concept - Le Comptoir des Lignes\" \/>\n<meta property=\"og:description\" content=\"Une galerie litt\u00e9raire&#8230; Ce qui est fascinant au Comptoir des lignes, c&rsquo;est d&rsquo;observer, avec un m\u00eame sujet, des m\u00eames contraintes, combien les textes tap\u00e9s dans le m\u00eame temps refl\u00e8tent l&rsquo;universalit\u00e9 de nos r\u00eaves ! Appelons cela la m\u00e9taphore du tableau ! De tous temps et de toutes \u00e9poques, les artistes se sont succ\u00e9d\u00e9s, ont fait \u00e9voluer leur peinture et l&rsquo;histoire de l&rsquo;art en se d\u00e9marquant dans un style qui leur \u00e9tait propre. Qu&rsquo;est-ce qui distingue un portrait d&rsquo;un autre portrait [&hellip;]\" \/>\n<meta property=\"og:url\" content=\"https:\/\/comptoirdeslignes.com\/index.php\/le-concept\/\" \/>\n<meta property=\"og:site_name\" content=\"Le Comptoir des Lignes\" \/>\n<meta property=\"article:modified_time\" content=\"2023-07-11T10:45:25+00:00\" \/>\n<meta name=\"twitter:card\" content=\"summary_large_image\" \/>\n<meta name=\"twitter:label1\" content=\"Dur\u00e9e de lecture estim\u00e9e\" \/>\n\t<meta name=\"twitter:data1\" content=\"3 minutes\" \/>\n<script type=\"application\/ld+json\" class=\"yoast-schema-graph\">{\"@context\":\"https:\/\/schema.org\",\"@graph\":[{\"@type\":\"WebPage\",\"@id\":\"https:\/\/comptoirdeslignes.com\/index.php\/le-concept\/\",\"url\":\"https:\/\/comptoirdeslignes.com\/index.php\/le-concept\/\",\"name\":\"Le concept - Le Comptoir des Lignes\",\"isPartOf\":{\"@id\":\"https:\/\/comptoirdeslignes.com\/#website\"},\"datePublished\":\"2023-07-06T18:53:47+00:00\",\"dateModified\":\"2023-07-11T10:45:25+00:00\",\"breadcrumb\":{\"@id\":\"https:\/\/comptoirdeslignes.com\/index.php\/le-concept\/#breadcrumb\"},\"inLanguage\":\"fr-FR\",\"potentialAction\":[{\"@type\":\"ReadAction\",\"target\":[\"https:\/\/comptoirdeslignes.com\/index.php\/le-concept\/\"]}]},{\"@type\":\"BreadcrumbList\",\"@id\":\"https:\/\/comptoirdeslignes.com\/index.php\/le-concept\/#breadcrumb\",\"itemListElement\":[{\"@type\":\"ListItem\",\"position\":1,\"name\":\"Accueil\",\"item\":\"https:\/\/comptoirdeslignes.com\/\"},{\"@type\":\"ListItem\",\"position\":2,\"name\":\"Le concept\"}]},{\"@type\":\"WebSite\",\"@id\":\"https:\/\/comptoirdeslignes.com\/#website\",\"url\":\"https:\/\/comptoirdeslignes.com\/\",\"name\":\"Le Comptoir des Lignes\",\"description\":\"Un th\u00e8me. Une contrainte. Une dur\u00e9e.\",\"potentialAction\":[{\"@type\":\"SearchAction\",\"target\":{\"@type\":\"EntryPoint\",\"urlTemplate\":\"https:\/\/comptoirdeslignes.com\/?s={search_term_string}\"},\"query-input\":{\"@type\":\"PropertyValueSpecification\",\"valueRequired\":true,\"valueName\":\"search_term_string\"}}],\"inLanguage\":\"fr-FR\"}]}<\/script>\n<!-- \/ Yoast SEO plugin. -->","yoast_head_json":{"title":"Le concept - Le Comptoir des Lignes","robots":{"index":"index","follow":"follow","max-snippet":"max-snippet:-1","max-image-preview":"max-image-preview:large","max-video-preview":"max-video-preview:-1"},"canonical":"https:\/\/comptoirdeslignes.com\/index.php\/le-concept\/","og_locale":"fr_FR","og_type":"article","og_title":"Le concept - Le Comptoir des Lignes","og_description":"Une galerie litt\u00e9raire&#8230; Ce qui est fascinant au Comptoir des lignes, c&rsquo;est d&rsquo;observer, avec un m\u00eame sujet, des m\u00eames contraintes, combien les textes tap\u00e9s dans le m\u00eame temps refl\u00e8tent l&rsquo;universalit\u00e9 de nos r\u00eaves ! Appelons cela la m\u00e9taphore du tableau ! De tous temps et de toutes \u00e9poques, les artistes se sont succ\u00e9d\u00e9s, ont fait \u00e9voluer leur peinture et l&rsquo;histoire de l&rsquo;art en se d\u00e9marquant dans un style qui leur \u00e9tait propre. Qu&rsquo;est-ce qui distingue un portrait d&rsquo;un autre portrait [&hellip;]","og_url":"https:\/\/comptoirdeslignes.com\/index.php\/le-concept\/","og_site_name":"Le Comptoir des Lignes","article_modified_time":"2023-07-11T10:45:25+00:00","twitter_card":"summary_large_image","twitter_misc":{"Dur\u00e9e de lecture estim\u00e9e":"3 minutes"},"schema":{"@context":"https:\/\/schema.org","@graph":[{"@type":"WebPage","@id":"https:\/\/comptoirdeslignes.com\/index.php\/le-concept\/","url":"https:\/\/comptoirdeslignes.com\/index.php\/le-concept\/","name":"Le concept - Le Comptoir des Lignes","isPartOf":{"@id":"https:\/\/comptoirdeslignes.com\/#website"},"datePublished":"2023-07-06T18:53:47+00:00","dateModified":"2023-07-11T10:45:25+00:00","breadcrumb":{"@id":"https:\/\/comptoirdeslignes.com\/index.php\/le-concept\/#breadcrumb"},"inLanguage":"fr-FR","potentialAction":[{"@type":"ReadAction","target":["https:\/\/comptoirdeslignes.com\/index.php\/le-concept\/"]}]},{"@type":"BreadcrumbList","@id":"https:\/\/comptoirdeslignes.com\/index.php\/le-concept\/#breadcrumb","itemListElement":[{"@type":"ListItem","position":1,"name":"Accueil","item":"https:\/\/comptoirdeslignes.com\/"},{"@type":"ListItem","position":2,"name":"Le concept"}]},{"@type":"WebSite","@id":"https:\/\/comptoirdeslignes.com\/#website","url":"https:\/\/comptoirdeslignes.com\/","name":"Le Comptoir des Lignes","description":"Un th\u00e8me. Une contrainte. Une dur\u00e9e.","potentialAction":[{"@type":"SearchAction","target":{"@type":"EntryPoint","urlTemplate":"https:\/\/comptoirdeslignes.com\/?s={search_term_string}"},"query-input":{"@type":"PropertyValueSpecification","valueRequired":true,"valueName":"search_term_string"}}],"inLanguage":"fr-FR"}]}},"_links":{"self":[{"href":"https:\/\/comptoirdeslignes.com\/index.php\/wp-json\/wp\/v2\/pages\/241","targetHints":{"allow":["GET"]}}],"collection":[{"href":"https:\/\/comptoirdeslignes.com\/index.php\/wp-json\/wp\/v2\/pages"}],"about":[{"href":"https:\/\/comptoirdeslignes.com\/index.php\/wp-json\/wp\/v2\/types\/page"}],"author":[{"embeddable":true,"href":"https:\/\/comptoirdeslignes.com\/index.php\/wp-json\/wp\/v2\/users\/1"}],"replies":[{"embeddable":true,"href":"https:\/\/comptoirdeslignes.com\/index.php\/wp-json\/wp\/v2\/comments?post=241"}],"version-history":[{"count":17,"href":"https:\/\/comptoirdeslignes.com\/index.php\/wp-json\/wp\/v2\/pages\/241\/revisions"}],"predecessor-version":[{"id":437,"href":"https:\/\/comptoirdeslignes.com\/index.php\/wp-json\/wp\/v2\/pages\/241\/revisions\/437"}],"wp:attachment":[{"href":"https:\/\/comptoirdeslignes.com\/index.php\/wp-json\/wp\/v2\/media?parent=241"}],"curies":[{"name":"wp","href":"https:\/\/api.w.org\/{rel}","templated":true}]}}